{"id":64,"date":"2025-04-26T15:14:15","date_gmt":"2025-04-26T12:14:15","guid":{"rendered":"http:\/\/109.232.221.202\/our-rooms\/"},"modified":"2026-02-18T23:02:49","modified_gmt":"2026-02-18T20:02:49","slug":"luna-kasta-odalar","status":"publish","type":"page","link":"https:\/\/www.lunakas.com\/tr\/luna-kasta-odalar\/","title":{"rendered":"Luna Ka\u015f&#8217;ta Odalar"},"content":{"rendered":"        <section id=\"rooms\" class=\"wp-block-hotelface-rooms\" data-display-style=\"grid\">\n                                    \n                            <div class=\"row\">\n                <div class=\"col-12 col-md-4 my-3 my-md-0\">\n                <div class=\"row\">\n                    <div class=\"col-12\">\n                        <div class=\"hoveryImg medium mb-3\" style=\"background-image: url('https:\/\/www.lunakas.com\/wp-content\/uploads\/2025\/11\/EKONOMI\u0307K-1-484x323.jpg');\">\n                            <a href=\"https:\/\/www.lunakas.com\/tr\/room\/ekonomi-bahce-kati-oda\/\" title=\"Ekonomi Bah\u00e7e Kat\u0131 Oda\" class=\"info\">\n                                <div class=\"hoveryCap\" style=\"background-image: url('https:\/\/www.lunakas.com\/wp-content\/uploads\/2025\/11\/EKONOMI\u0307K-1-484x323.jpg');\"><\/div>\n                                <h5>Ekonomi Bah\u00e7e Kat\u0131 Oda<\/h5>\n                                <p>En \u0130yi Fiyata Rahat Konfor ve \u00d6zel Avlu <\/p>\n                            <\/a>\n                        <\/div>\n                    <\/div>\n                    <div class=\"col-12 d-flex flex-column justify-content-center mb-3\">\n                        <h3 class=\"mb-3\">\n                            Ekonomi Bah\u00e7e Kat\u0131 Oda                        <\/h3>\n                        <p class=\"h5 text-dark\">\n                            En \u0130yi Fiyata Rahat Konfor ve \u00d6zel Avlu                         <\/p>\n                        <p>\n                            Ekonomi Bah\u00e7e Kat\u0131 Odalar\u0131m\u0131z, bah\u00e7e kat\u0131nda yer alan b\u00fct\u00e7e dostu se\u00e7eneklerimizdir. 15 m\u00b2 geni\u015fli\u011finde olan odalar\u0131m\u0131zda \u00e7ift ki\u015filik yatak, \u00e7ay-kahve istasyonu, mini buzdolab\u0131, s\u0131cak su \u0131s\u0131t\u0131c\u0131s\u0131, sa\u00e7 kurutma makinesi ve klima bulunmaktad\u0131r. Odalar\u0131m\u0131z avludaki \u00f6zel oturma alanlar\u0131na a\u00e7\u0131lmaktad\u0131r.                        <\/p>\n                        <p>\n                            <a class=\"btn btn-pri-light btn-large mt-3\" title=\"Ekonomi Bah\u00e7e Kat\u0131 Oda\" href=\"https:\/\/www.lunakas.com\/tr\/room\/ekonomi-bahce-kati-oda\/\">G\u00f6zat <i class=\"ms-2 fas fa-chevron-circle-right\"><\/i><\/a>                        <\/p>\n                    <\/div>\n                <\/div>\n            <\/div>\n                    <div class=\"col-12 col-md-4 my-3 my-md-0\">\n                <div class=\"row\">\n                    <div class=\"col-12\">\n                        <div class=\"hoveryImg medium mb-3\" style=\"background-image: url('https:\/\/www.lunakas.com\/wp-content\/uploads\/2025\/11\/ER0A4810-484x323.jpg');\">\n                            <a href=\"https:\/\/www.lunakas.com\/tr\/room\/ekonomi-oda\/\" title=\"Ekonomi Oda\" class=\"info\">\n                                <div class=\"hoveryCap\" style=\"background-image: url('https:\/\/www.lunakas.com\/wp-content\/uploads\/2025\/11\/ER0A4810-484x323.jpg');\"><\/div>\n                                <h5>Ekonomi Oda<\/h5>\n                                <p>Dinlenme Alan\u0131na A\u00e7\u0131lan Ekonomik Odalar<\/p>\n                            <\/a>\n                        <\/div>\n                    <\/div>\n                    <div class=\"col-12 d-flex flex-column justify-content-center mb-3\">\n                        <h3 class=\"mb-3\">\n                            Ekonomi Oda                        <\/h3>\n                        <p class=\"h5 text-dark\">\n                            Dinlenme Alan\u0131na A\u00e7\u0131lan Ekonomik Odalar                        <\/p>\n                        <p>\n                            Ekonomi Odalar\u0131m\u0131z, otelimizin 2. ve 3. katlar\u0131nda yer almakta olup, kap\u0131lar\u0131 g\u00fcn boyu kullan\u0131labilen oturma alan\u0131na a\u00e7\u0131lmaktad\u0131r. 15 m\u00b2 geni\u015fli\u011findeki odalar\u0131m\u0131zda bir b\u00fcy\u00fck yatak bulunmakta ve maksimum 2 misafir a\u011f\u0131rlanmaktad\u0131r.                         <\/p>\n                        <p>\n                            <a class=\"btn btn-pri-light btn-large mt-3\" title=\"Ekonomi Oda\" href=\"https:\/\/www.lunakas.com\/tr\/room\/ekonomi-oda\/\">G\u00f6zat <i class=\"ms-2 fas fa-chevron-circle-right\"><\/i><\/a>                        <\/p>\n                    <\/div>\n                <\/div>\n            <\/div>\n                    <div class=\"col-12 col-md-4 my-3 my-md-0\">\n                <div class=\"row\">\n                    <div class=\"col-12\">\n                        <div class=\"hoveryImg medium mb-3\" style=\"background-image: url('https:\/\/www.lunakas.com\/wp-content\/uploads\/2025\/11\/12-484x323.jpg');\">\n                            <a href=\"https:\/\/www.lunakas.com\/tr\/room\/aile-odasi-bahce\/\" title=\"Aile Odas\u0131 Bah\u00e7e\" class=\"info\">\n                                <div class=\"hoveryCap\" style=\"background-image: url('https:\/\/www.lunakas.com\/wp-content\/uploads\/2025\/11\/12-484x323.jpg');\"><\/div>\n                                <h5>Aile Odas\u0131 Bah\u00e7e<\/h5>\n                                <p>Bah\u00e7eye A\u00e7\u0131lan Aile Konforu<\/p>\n                            <\/a>\n                        <\/div>\n                    <\/div>\n                    <div class=\"col-12 d-flex flex-column justify-content-center mb-3\">\n                        <h3 class=\"mb-3\">\n                            Aile Odas\u0131 Bah\u00e7e                        <\/h3>\n                        <p class=\"h5 text-dark\">\n                            Bah\u00e7eye A\u00e7\u0131lan Aile Konforu                        <\/p>\n                        <p>\n                            Aile Odalar\u0131m\u0131z, bah\u00e7e kat\u0131nda yer almakta olup, g\u00fcn boyu kullan\u0131labilen oturma alanlar\u0131na a\u00e7\u0131lmaktad\u0131r. Ka\u015f\u2019\u0131n huzurlu atmosferinde konfor i\u00e7in tasarlanan odalar\u0131m\u0131zda b\u00fcy\u00fck yatak, ranza ve gerekti\u011finde yata\u011fa d\u00f6n\u00fc\u015fen bir koltuk bulunur.\r\n                        <\/p>\n                        <p>\n                            <a class=\"btn btn-pri-light btn-large mt-3\" title=\"Aile Odas\u0131 Bah\u00e7e\" href=\"https:\/\/www.lunakas.com\/tr\/room\/aile-odasi-bahce\/\">G\u00f6zat <i class=\"ms-2 fas fa-chevron-circle-right\"><\/i><\/a>                        <\/p>\n                    <\/div>\n                <\/div>\n            <\/div>\n                    <div class=\"col-12 col-md-4 my-3 my-md-0\">\n                <div class=\"row\">\n                    <div class=\"col-12\">\n                        <div class=\"hoveryImg medium mb-3\" style=\"background-image: url('https:\/\/www.lunakas.com\/wp-content\/uploads\/2025\/11\/6-484x323.jpg');\">\n                            <a href=\"https:\/\/www.lunakas.com\/tr\/room\/standart-bahce-kati-oda\/\" title=\"Standart Bah\u00e7e Kat\u0131 Oda\" class=\"info\">\n                                <div class=\"hoveryCap\" style=\"background-image: url('https:\/\/www.lunakas.com\/wp-content\/uploads\/2025\/11\/6-484x323.jpg');\"><\/div>\n                                <h5>Standart Bah\u00e7e Kat\u0131 Oda<\/h5>\n                                <p>\u00c7iftler ve Aileler \u0130\u00e7in Bah\u00e7ede Huzurlu Konaklama<\/p>\n                            <\/a>\n                        <\/div>\n                    <\/div>\n                    <div class=\"col-12 d-flex flex-column justify-content-center mb-3\">\n                        <h3 class=\"mb-3\">\n                            Standart Bah\u00e7e Kat\u0131 Oda                        <\/h3>\n                        <p class=\"h5 text-dark\">\n                            \u00c7iftler ve Aileler \u0130\u00e7in Bah\u00e7ede Huzurlu Konaklama                        <\/p>\n                        <p>\n                            Standart Bah\u00e7e Kat\u0131 Odalar\u0131m\u0131z, bah\u00e7e kat\u0131nda yer almakta ve ortak oturma alan\u0131na a\u00e7\u0131lmaktad\u0131r. Bir b\u00fcy\u00fck yatak ve iste\u011fe ba\u011fl\u0131 ek yatak ile 3 ki\u015fiye kadar konaklama imk\u00e2n\u0131 sunar. \r\n                        <\/p>\n                        <p>\n                            <a class=\"btn btn-pri-light btn-large mt-3\" title=\"Standart Bah\u00e7e Kat\u0131 Oda\" href=\"https:\/\/www.lunakas.com\/tr\/room\/standart-bahce-kati-oda\/\">G\u00f6zat <i class=\"ms-2 fas fa-chevron-circle-right\"><\/i><\/a>                        <\/p>\n                    <\/div>\n                <\/div>\n            <\/div>\n                    <div class=\"col-12 col-md-4 my-3 my-md-0\">\n                <div class=\"row\">\n                    <div class=\"col-12\">\n                        <div class=\"hoveryImg medium mb-3\" style=\"background-image: url('https:\/\/www.lunakas.com\/wp-content\/uploads\/2025\/11\/ER0A2942-484x323.jpg');\">\n                            <a href=\"https:\/\/www.lunakas.com\/tr\/room\/standart-double-oda\/\" title=\"Standart Double Oda\" class=\"info\">\n                                <div class=\"hoveryCap\" style=\"background-image: url('https:\/\/www.lunakas.com\/wp-content\/uploads\/2025\/11\/ER0A2942-484x323.jpg');\"><\/div>\n                                <h5>Standart Double Oda<\/h5>\n                                <p>Balkon Keyfiyle Konforlu Konaklama<\/p>\n                            <\/a>\n                        <\/div>\n                    <\/div>\n                    <div class=\"col-12 d-flex flex-column justify-content-center mb-3\">\n                        <h3 class=\"mb-3\">\n                            Standart Double Oda                        <\/h3>\n                        <p class=\"h5 text-dark\">\n                            Balkon Keyfiyle Konforlu Konaklama                        <\/p>\n                        <p>\n                            Standart Odalar\u0131m\u0131z, otelimizin 2. ve 3. katlar\u0131nda yer almakta olup 18 m\u00b2 geni\u015fli\u011findedir. Her odada oturma alan\u0131na sahip \u00f6zel bir balkon bulunmaktad\u0131r.                         <\/p>\n                        <p>\n                            <a class=\"btn btn-pri-light btn-large mt-3\" title=\"Standart Double Oda\" href=\"https:\/\/www.lunakas.com\/tr\/room\/standart-double-oda\/\">G\u00f6zat <i class=\"ms-2 fas fa-chevron-circle-right\"><\/i><\/a>                        <\/p>\n                    <\/div>\n                <\/div>\n            <\/div>\n                    <div class=\"col-12 col-md-4 my-3 my-md-0\">\n                <div class=\"row\">\n                    <div class=\"col-12\">\n                        <div class=\"hoveryImg medium mb-3\" style=\"background-image: url('https:\/\/www.lunakas.com\/wp-content\/uploads\/2025\/11\/ER0A3594-484x323.jpg');\">\n                            <a href=\"https:\/\/www.lunakas.com\/tr\/room\/double-triple-deniz-manzarali-oda\/\" title=\"Double\/Triple Deniz Manzaral\u0131 Oda\" class=\"info\">\n                                <div class=\"hoveryCap\" style=\"background-image: url('https:\/\/www.lunakas.com\/wp-content\/uploads\/2025\/11\/ER0A3594-484x323.jpg');\"><\/div>\n                                <h5>Double\/Triple Deniz Manzaral\u0131 Oda<\/h5>\n                                <p>Akdeniz Manzaras\u0131 E\u015fli\u011finde Huzurlu Konaklama<\/p>\n                            <\/a>\n                        <\/div>\n                    <\/div>\n                    <div class=\"col-12 d-flex flex-column justify-content-center mb-3\">\n                        <h3 class=\"mb-3\">\n                            Double\/Triple Deniz Manzaral\u0131 Oda                        <\/h3>\n                        <p class=\"h5 text-dark\">\n                            Akdeniz Manzaras\u0131 E\u015fli\u011finde Huzurlu Konaklama                        <\/p>\n                        <p>\n                            Deniz Manzaral\u0131 Odalar\u0131m\u0131z, otelimizin 2. ve 3. katlar\u0131nda yer almakta olup, balkonlar\u0131nda \u00f6zel oturma alan\u0131 ve Akdeniz, Ka\u015f ve Meis Adas\u0131&#8217;n\u0131n panoramik manzaralar\u0131na sahiptir.                         <\/p>\n                        <p>\n                            <a class=\"btn btn-pri-light btn-large mt-3\" title=\"Double\/Triple Deniz Manzaral\u0131 Oda\" href=\"https:\/\/www.lunakas.com\/tr\/room\/double-triple-deniz-manzarali-oda\/\">G\u00f6zat <i class=\"ms-2 fas fa-chevron-circle-right\"><\/i><\/a>                        <\/p>\n                    <\/div>\n                <\/div>\n            <\/div>\n                    <div class=\"col-12 col-md-4 my-3 my-md-0\">\n                <div class=\"row\">\n                    <div class=\"col-12\">\n                        <div class=\"hoveryImg medium mb-3\" style=\"background-image: url('https:\/\/www.lunakas.com\/wp-content\/uploads\/2025\/11\/ER0A2867-484x323.jpg');\">\n                            <a href=\"https:\/\/www.lunakas.com\/tr\/room\/deluks-deniz-manzarali-oda\/\" title=\"Del\u00fcks Deniz Manzaral\u0131 Oda\" class=\"info\">\n                                <div class=\"hoveryCap\" style=\"background-image: url('https:\/\/www.lunakas.com\/wp-content\/uploads\/2025\/11\/ER0A2867-484x323.jpg');\"><\/div>\n                                <h5>Del\u00fcks Deniz Manzaral\u0131 Oda<\/h5>\n                                <p>Kusursuz Bir Konaklama ve Akdeniz Manzaras\u0131<\/p>\n                            <\/a>\n                        <\/div>\n                    <\/div>\n                    <div class=\"col-12 d-flex flex-column justify-content-center mb-3\">\n                        <h3 class=\"mb-3\">\n                            Del\u00fcks Deniz Manzaral\u0131 Oda                        <\/h3>\n                        <p class=\"h5 text-dark\">\n                            Kusursuz Bir Konaklama ve Akdeniz Manzaras\u0131                        <\/p>\n                        <p>\n                            Deluxe Deniz Manzaral\u0131 Odalar\u0131m\u0131z, otelimizin 2. ve 3. katlar\u0131nda yer almakta olup, 18 m\u00b2 b\u00fcy\u00fckl\u00fc\u011f\u00fcnde \u00f6zel balkona ve Akdeniz, Ka\u015f ve Meis Adas\u0131&#8217;n\u0131n panoramik manzaralar\u0131na sahiptir.                        <\/p>\n                        <p>\n                            <a class=\"btn btn-pri-light btn-large mt-3\" title=\"Del\u00fcks Deniz Manzaral\u0131 Oda\" href=\"https:\/\/www.lunakas.com\/tr\/room\/deluks-deniz-manzarali-oda\/\">G\u00f6zat <i class=\"ms-2 fas fa-chevron-circle-right\"><\/i><\/a>                        <\/p>\n                    <\/div>\n                <\/div>\n            <\/div>\n                    <div class=\"col-12 col-md-4 my-3 my-md-0\">\n                <div class=\"row\">\n                    <div class=\"col-12\">\n                        <div class=\"hoveryImg medium mb-3\" style=\"background-image: url('https:\/\/www.lunakas.com\/wp-content\/uploads\/2025\/11\/ER0A4642-484x323.jpg');\">\n                            <a href=\"https:\/\/www.lunakas.com\/tr\/room\/deniz-manzarali-studyo\/\" title=\"Deniz Manzaral\u0131 St\u00fcdyo\" class=\"info\">\n                                <div class=\"hoveryCap\" style=\"background-image: url('https:\/\/www.lunakas.com\/wp-content\/uploads\/2025\/11\/ER0A4642-484x323.jpg');\"><\/div>\n                                <h5>Deniz Manzaral\u0131 St\u00fcdyo<\/h5>\n                                <p>Akdeniz Manzaral\u0131 S\u0131cak Bir St\u00fcdyo<\/p>\n                            <\/a>\n                        <\/div>\n                    <\/div>\n                    <div class=\"col-12 d-flex flex-column justify-content-center mb-3\">\n                        <h3 class=\"mb-3\">\n                            Deniz Manzaral\u0131 St\u00fcdyo                        <\/h3>\n                        <p class=\"h5 text-dark\">\n                            Akdeniz Manzaral\u0131 S\u0131cak Bir St\u00fcdyo                        <\/p>\n                        <p>\n                            Deniz Manzaral\u0131 St\u00fcdyo Odam\u0131z, otelimizin 2. kat\u0131nda yer almakta olup, ta\u015f mimarisiyle Ka\u015f\u2019\u0131n ye\u015fil do\u011fas\u0131n\u0131 bulu\u015fturur. \u00c7ift ki\u015filik yatak ve gerekti\u011finde yata\u011fa d\u00f6n\u00fc\u015febilen bir kanepe ile maksimum 3 ki\u015filik konaklama imk\u00e2n\u0131 sunar.                        <\/p>\n                        <p>\n                            <a class=\"btn btn-pri-light btn-large mt-3\" title=\"Deniz Manzaral\u0131 St\u00fcdyo\" href=\"https:\/\/www.lunakas.com\/tr\/room\/deniz-manzarali-studyo\/\">G\u00f6zat <i class=\"ms-2 fas fa-chevron-circle-right\"><\/i><\/a>                        <\/p>\n                    <\/div>\n                <\/div>\n            <\/div>\n                    <div class=\"col-12 col-md-4 my-3 my-md-0\">\n                <div class=\"row\">\n                    <div class=\"col-12\">\n                        <div class=\"hoveryImg medium mb-3\" style=\"background-image: url('https:\/\/www.lunakas.com\/wp-content\/uploads\/2025\/11\/ER0A4670-484x323.jpg');\">\n                            <a href=\"https:\/\/www.lunakas.com\/tr\/room\/deniz-manzarali-ve-terasli-suite\/\" title=\"Deniz Manzaral\u0131 ve Terasl\u0131 Suite\" class=\"info\">\n                                <div class=\"hoveryCap\" style=\"background-image: url('https:\/\/www.lunakas.com\/wp-content\/uploads\/2025\/11\/ER0A4670-484x323.jpg');\"><\/div>\n                                <h5>Deniz Manzaral\u0131 ve Terasl\u0131 Suite<\/h5>\n                                <p>B\u00fcy\u00fcleyici Akdeniz Manzaras\u0131yla Geni\u015f ve Konforlu Bir Konaklama<\/p>\n                            <\/a>\n                        <\/div>\n                    <\/div>\n                    <div class=\"col-12 d-flex flex-column justify-content-center mb-3\">\n                        <h3 class=\"mb-3\">\n                            Deniz Manzaral\u0131 ve Terasl\u0131 Suite                        <\/h3>\n                        <p class=\"h5 text-dark\">\n                            B\u00fcy\u00fcleyici Akdeniz Manzaras\u0131yla Geni\u015f ve Konforlu Bir Konaklama                        <\/p>\n                        <p>\n                            Terasl\u0131 Deniz Manzaral\u0131 S\u00fcit Odam\u0131z, otelimizin 1. kat\u0131nda yer almakta olup 25 m\u00b2 geni\u015fli\u011findedir. Bir adet \u00e7ift ki\u015filik yatak ve bir adet a\u00e7\u0131labilir kanepe ile 3 ki\u015fiye kadar konaklama imk\u00e2n\u0131 sunar.                        <\/p>\n                        <p>\n                            <a class=\"btn btn-pri-light btn-large mt-3\" title=\"Deniz Manzaral\u0131 ve Terasl\u0131 Suite\" href=\"https:\/\/www.lunakas.com\/tr\/room\/deniz-manzarali-ve-terasli-suite\/\">G\u00f6zat <i class=\"ms-2 fas fa-chevron-circle-right\"><\/i><\/a>                        <\/p>\n                    <\/div>\n                <\/div>\n            <\/div>\n                    <div class=\"col-12 col-md-4 my-3 my-md-0\">\n                <div class=\"row\">\n                    <div class=\"col-12\">\n                        <div class=\"hoveryImg medium mb-3\" style=\"background-image: url('https:\/\/www.lunakas.com\/wp-content\/uploads\/2025\/11\/ER0A6450-484x323.jpg');\">\n                            <a href=\"https:\/\/www.lunakas.com\/tr\/room\/deniz-manzarali-aile-suiti\/\" title=\"Deniz Manzaral\u0131 Aile Suiti\" class=\"info\">\n                                <div class=\"hoveryCap\" style=\"background-image: url('https:\/\/www.lunakas.com\/wp-content\/uploads\/2025\/11\/ER0A6450-484x323.jpg');\"><\/div>\n                                <h5>Deniz Manzaral\u0131 Aile Suiti<\/h5>\n                                <p>Panoramik Akdeniz Manzaral\u0131 Geni\u015f Aile Konforu<\/p>\n                            <\/a>\n                        <\/div>\n                    <\/div>\n                    <div class=\"col-12 d-flex flex-column justify-content-center mb-3\">\n                        <h3 class=\"mb-3\">\n                            Deniz Manzaral\u0131 Aile Suiti                        <\/h3>\n                        <p class=\"h5 text-dark\">\n                            Panoramik Akdeniz Manzaral\u0131 Geni\u015f Aile Konforu                        <\/p>\n                        <p>\n                            Aile Deniz Manzaral\u0131 S\u00fcitlerimiz, otelimizin 2. ve 3. katlar\u0131nda yer almakta olup, 2 yatak odas\u0131, 1 oturma odas\u0131 ve Ka\u015f, Akdeniz ve Meis Adas\u0131&#8217;n\u0131n panoramik manzaras\u0131na sahip bir balkon sunmaktad\u0131r.                        <\/p>\n                        <p>\n                            <a class=\"btn btn-pri-light btn-large mt-3\" title=\"Deniz Manzaral\u0131 Aile Suiti\" href=\"https:\/\/www.lunakas.com\/tr\/room\/deniz-manzarali-aile-suiti\/\">G\u00f6zat <i class=\"ms-2 fas fa-chevron-circle-right\"><\/i><\/a>                        <\/p>\n                    <\/div>\n                <\/div>\n            <\/div>\n        <\/div>\n                    <\/section>\n        ","protected":false},"excerpt":{"rendered":"","protected":false},"author":1,"featured_media":0,"parent":0,"menu_order":0,"comment_status":"closed","ping_status":"closed","template":"","meta":{"footnotes":""},"class_list":["post-64","page","type-page","status-publish","hentry"],"_links":{"self":[{"href":"https:\/\/www.lunakas.com\/tr\/wp-json\/wp\/v2\/pages\/64","targetHints":{"allow":["GET"]}}],"collection":[{"href":"https:\/\/www.lunakas.com\/tr\/wp-json\/wp\/v2\/pages"}],"about":[{"href":"https:\/\/www.lunakas.com\/tr\/wp-json\/wp\/v2\/types\/page"}],"author":[{"embeddable":true,"href":"https:\/\/www.lunakas.com\/tr\/wp-json\/wp\/v2\/users\/1"}],"replies":[{"embeddable":true,"href":"https:\/\/www.lunakas.com\/tr\/wp-json\/wp\/v2\/comments?post=64"}],"version-history":[{"count":0,"href":"https:\/\/www.lunakas.com\/tr\/wp-json\/wp\/v2\/pages\/64\/revisions"}],"wp:attachment":[{"href":"https:\/\/www.lunakas.com\/tr\/wp-json\/wp\/v2\/media?parent=64"}],"curies":[{"name":"wp","href":"https:\/\/api.w.org\/{rel}","templated":true}]}}