{"id":2442,"date":"2026-05-06T18:09:07","date_gmt":"2026-05-06T15:09:07","guid":{"rendered":"https:\/\/www.lunakas.com\/booking-request-for-your-kas-holiday-at-luna-hotel\/"},"modified":"2026-05-06T18:27:48","modified_gmt":"2026-05-06T15:27:48","slug":"booking-request-for-your-kas-holiday-at-luna-hotel","status":"publish","type":"page","link":"https:\/\/www.lunakas.com\/tr\/booking-request-for-your-kas-holiday-at-luna-hotel\/","title":{"rendered":"Benzersiz Ka\u015f Tatili Luna Otelde"},"content":{"rendered":"<section class=\"wp-block-hotelface-booking-form has-background-image is-full-width is-transparent-form reveal\" style=\"background-image:url(https:\/\/www.lunakas.com\/wp-content\/uploads\/2026\/03\/8187055105_729fcc3813_o.jpg);\" data-reveal=\"up\">\n            <div class=\"booking-form-overlay\" aria-hidden=\"true\" style=\"background-color: rgba(0,0,0,0.4);\"><\/div>            <div class=\"container\">\n                <div class=\"booking-form-card\">\n                    <div class=\"booking-form-intro\">\n                                                    <h1 class=\"booking-form-title\">Benzersiz Ka\u015f Tatili Luna Otel&#039;de! Hemen Rezervasyon Talebi G\u00f6nderin<\/h1>\n                                                                            <p class=\"booking-form-subtitle\">Haydi Ka\u015f tatilinizi birlikte planlayal\u0131m! Luna Otel huzurun, Akdeniz\u2019in en g\u00fczel manzaralar\u0131n\u0131n ve samimi, ki\u015fisel hizmetin bir araya geldi\u011fi \u00f6zel bir yer. \u015eehir merkezinin canl\u0131l\u0131\u011f\u0131na yaln\u0131zca be\u015f dakika mesafedeyken ayn\u0131 zamanda sakinli\u011fi ya\u015fay\u0131n. Bizimle do\u011frudan ileti\u015fime ge\u00e7erek, size en uygun se\u00e7eneklerden ve en iyi fiyat avantajlar\u0131ndan yararlanabilirsiniz. Biz sadece oda de\u011fil, benzersiz butik bir deneyim sunuyoruz.<\/p>\n                                            <\/div>\n\n                    <form id=\"booking_form\" class=\"booking-form\" novalidate>\n                        <div class=\"booking-form-grid\">\n                            <div class=\"booking-field\">\n                                <input class=\"booking-input\" type=\"text\" id=\"booking_first_name\" name=\"first_name\" placeholder=\" \" autocomplete=\"given-name\" required>\n                                <label for=\"booking_first_name\">Ad\u0131n\u0131z *<\/label>\n                            <\/div>\n                            <div class=\"booking-field\">\n                                <input class=\"booking-input\" type=\"text\" id=\"booking_last_name\" name=\"last_name\" placeholder=\" \" autocomplete=\"family-name\" required>\n                                <label for=\"booking_last_name\">Soyad\u0131n\u0131z *<\/label>\n                            <\/div>\n                            <div class=\"booking-field\">\n                                <input class=\"booking-input\" type=\"date\" id=\"booking_checkin\" name=\"checkin\" min=\"2026-05-15\" placeholder=\" \" required>\n                                <label for=\"booking_checkin\">Giri\u015f Tarihi *<\/label>\n                            <\/div>\n                            <div class=\"booking-field\">\n                                <input class=\"booking-input\" type=\"date\" id=\"booking_checkout\" name=\"checkout\" min=\"2026-05-16\" placeholder=\" \" required>\n                                <label for=\"booking_checkout\">\u00c7\u0131k\u0131\u015f Tarihi *<\/label>\n                            <\/div>\n                            <div class=\"booking-field\">\n                                <input class=\"booking-input\" type=\"email\" id=\"booking_email\" name=\"email\" placeholder=\" \" autocomplete=\"email\">\n                                <label for=\"booking_email\">E-posta<\/label>\n                            <\/div>\n                            <div class=\"booking-field\">\n                                <input class=\"booking-input\" type=\"tel\" id=\"booking_phone\" name=\"phone\" placeholder=\" \" autocomplete=\"tel\">\n                                <label for=\"booking_phone\">Telefon<\/label>\n                            <\/div>\n                            <div class=\"booking-field booking-field-full\">\n                                <textarea class=\"booking-input\" id=\"booking_message\" name=\"message\" rows=\"4\" placeholder=\" \"><\/textarea>\n                                <label for=\"booking_message\">Mesaj\u0131n\u0131z (opsiyonel)<\/label>\n                            <\/div>\n                        <\/div>\n                        <p class=\"booking-form-hint\">E-posta veya telefon alanlar\u0131ndan en az birini doldurman\u0131z gerekmektedir.<\/p>\n\n                                                    <div class=\"booking-recaptcha-wrapper\" style=\"display:none;\">\n                                <div class=\"g-recaptcha\" data-sitekey=\"6LcKXicrAAAAAHZ2JipNdXpyDOb66NojjeJt6F7g\"><\/div>\n                            <\/div>\n                        \n                        <div class=\"booking-form-actions\">\n                            <button type=\"submit\" id=\"booking_submit_btn\" class=\"btn btn-large btn-gradient booking-submit-btn\">\n                                <i class=\"fa fa-spinner fa-spin me-2 d-none\" aria-hidden=\"true\"><\/i>\n                                <span class=\"booking-submit-label\">Talebi G\u00f6nder<\/span>\n                            <\/button>\n                        <\/div>\n                        <div id=\"booking_response\" class=\"booking-form-response\" data-success=\"Talebiniz al\u0131nd\u0131! Luna Hotel Ka\u015f&#039;\u0131 se\u00e7ti\u011finiz i\u00e7in te\u015fekk\u00fcr ederiz. Ki\u015fiselle\u015ftirilmi\u015f se\u00e7enekler ve \u00f6zel fiyatlarla size en k\u0131sa s\u00fcrede ula\u015faca\u011f\u0131z, \"><\/div>\n                    <\/form>\n                <\/div>\n            <\/div>\n        <\/section>\n        ","protected":false},"excerpt":{"rendered":"","protected":false},"author":1,"featured_media":0,"parent":0,"menu_order":0,"comment_status":"closed","ping_status":"closed","template":"","meta":{"footnotes":""},"class_list":["post-2442","page","type-page","status-publish","hentry"],"_links":{"self":[{"href":"https:\/\/www.lunakas.com\/tr\/wp-json\/wp\/v2\/pages\/2442","targetHints":{"allow":["GET"]}}],"collection":[{"href":"https:\/\/www.lunakas.com\/tr\/wp-json\/wp\/v2\/pages"}],"about":[{"href":"https:\/\/www.lunakas.com\/tr\/wp-json\/wp\/v2\/types\/page"}],"author":[{"embeddable":true,"href":"https:\/\/www.lunakas.com\/tr\/wp-json\/wp\/v2\/users\/1"}],"replies":[{"embeddable":true,"href":"https:\/\/www.lunakas.com\/tr\/wp-json\/wp\/v2\/comments?post=2442"}],"version-history":[{"count":5,"href":"https:\/\/www.lunakas.com\/tr\/wp-json\/wp\/v2\/pages\/2442\/revisions"}],"predecessor-version":[{"id":2451,"href":"https:\/\/www.lunakas.com\/tr\/wp-json\/wp\/v2\/pages\/2442\/revisions\/2451"}],"wp:attachment":[{"href":"https:\/\/www.lunakas.com\/tr\/wp-json\/wp\/v2\/media?parent=2442"}],"curies":[{"name":"wp","href":"https:\/\/api.w.org\/{rel}","templated":true}]}}