{"id":6,"date":"2025-04-26T12:41:56","date_gmt":"2025-04-26T09:41:56","guid":{"rendered":"http:\/\/109.232.221.202\/?page_id=6"},"modified":"2026-02-19T19:30:31","modified_gmt":"2026-02-19T16:30:31","slug":"politique-de-confidentialite","status":"publish","type":"page","link":"https:\/\/www.lunakas.com\/fr\/politique-de-confidentialite\/","title":{"rendered":"Politique de confidentialit\u00e9"},"content":{"rendered":"\n<h2 class=\"wp-block-heading\">G\u00e9n\u00e9ralit\u00e9s<\/h2>\n\n\n\n<p>Luna Otel s&#8217;engage \u00e0 prot\u00e9ger la vie priv\u00e9e des visiteurs de son site web. Par cons\u00e9quent, cette d\u00e9claration de confidentialit\u00e9 (\u00ab D\u00e9claration de confidentialit\u00e9 \u00bb) explique quelles informations Luna Otel collecte sur les utilisateurs lorsqu&#8217;ils utilisent notre site, comment ces informations sont utilis\u00e9es et comment elles sont prot\u00e9g\u00e9es. Elle d\u00e9crit \u00e9galement comment vous pouvez v\u00e9rifier l&#8217;exactitude de ces informations et demander leur suppression en contactant le site web de Luna Otel si vous le souhaitez. Luna Otel prendra toutes les mesures n\u00e9cessaires pour traiter et utiliser les donn\u00e9es conform\u00e9ment aux r\u00e9glementations actuelles et applicables en mati\u00e8re de protection des donn\u00e9es.Cette D\u00e9claration de confidentialit\u00e9 ne s&#8217;applique pas aux autres sites li\u00e9s depuis le site de Luna Otel (sites hyperli\u00e9s).<\/p>\n\n\n\n<h2 class=\"wp-block-heading\">Collecte, utilisation et traitement des informations personnelles<\/h2>\n\n\n\n<p>Les informations utilis\u00e9es et trait\u00e9es concernant une personne sp\u00e9cifique ne peuvent \u00eatre collect\u00e9es que si cette personne saisit elle-m\u00eame les donn\u00e9es ou donne son consentement explicite. Saisir des donn\u00e9es ou donner un consentement explicite signifie que la personne accepte les conditions \u00e9nonc\u00e9es ci-dessous.Lorsque vous visitez notre site web (<a href=\"http:\/\/www.lunakas.com\/\">www.lunakas.com<\/a>), certaines informations n\u00e9cessaires \u00e0 l&#8217;administration du syst\u00e8me, aux statistiques et aux applications de &#8220;sauvegarde&#8221; seront automatiquement stock\u00e9es sur nos serveurs. Ces donn\u00e9es peuvent inclure le nom de votre fournisseur d&#8217;acc\u00e8s \u00e0 Internet, dans certains cas votre adresse IP, la version de votre logiciel de navigation, le syst\u00e8me d&#8217;exploitation de l&#8217;ordinateur utilis\u00e9, le site web qui vous a r\u00e9f\u00e9r\u00e9, les autres sites que vous avez visit\u00e9s lors de votre navigation sur notre site, et les termes de recherche que vous avez utilis\u00e9s pour nous trouver. Selon les cas, ces donn\u00e9es peuvent permettre de tirer des conclusions sur les visiteurs du site. Cependant, aucune information personnelle ne sera utilis\u00e9e dans ce contexte. De telles donn\u00e9es seront uniquement utilis\u00e9es de mani\u00e8re anonyme. Si Luna Otel transmet ces donn\u00e9es \u00e0 un prestataire de services externe, les mesures techniques et organisationnelles n\u00e9cessaires seront prises pour assurer un transfert conforme aux lois en vigueur sur la s\u00e9curit\u00e9 des donn\u00e9es.<\/p>\n\n\n\n<p>Si vous fournissez volontairement des informations personnelles, Luna Otel garantit que ces donn\u00e9es seront utilis\u00e9es, trait\u00e9es ou transf\u00e9r\u00e9es uniquement dans les limites fix\u00e9es par la loi ou par votre d\u00e9claration de consentement. Le transfert de ces informations personnelles \u00e0 des tiers n&#8217;aura lieu que si cela est exig\u00e9 par les autorit\u00e9s judiciaires ou administratives.<\/p>\n\n\n\n<p>Les modifications apport\u00e9es \u00e0 cette D\u00e9claration de confidentialit\u00e9 seront publi\u00e9es sur cette page. Cela vous permettra de rester inform\u00e9 sur les informations enregistr\u00e9es vous concernant et sur leur utilisation.<\/p>\n\n\n\n<h2 class=\"wp-block-heading\">S\u00e9curit\u00e9<\/h2>\n\n\n\n<p>Luna Otel stocke vos informations de mani\u00e8re s\u00e9curis\u00e9e ; toutes les mesures n\u00e9cessaires sont prises pour les prot\u00e9ger contre toute perte, mauvaise utilisation ou alt\u00e9ration. Les partenaires contractuels ayant acc\u00e8s \u00e0 vos informations dans le cadre de la prestation de services sont tenus de conserver ces informations confidentielles et de ne pas les utiliser \u00e0 d&#8217;autres fins, conform\u00e9ment \u00e0 leurs obligations contractuelles. Dans certains cas, il sera n\u00e9cessaire de partager vos informations personnelles avec des soci\u00e9t\u00e9s affili\u00e9es \u00e0 Luna Otel. M\u00eame dans ces cas, vos informations seront trait\u00e9es de mani\u00e8re confidentielle.<\/p>\n\n\n\n<h2 class=\"wp-block-heading\">Informations personnelles des enfants<\/h2>\n\n\n\n<p>Les sites web de Luna Otel sont destin\u00e9s \u00e0 un usage par des adultes et ne sont pas con\u00e7us pour les enfants. Luna Otel ne collecte pas d&#8217;informations concernant des enfants de moins de 14 ans. Luna Otel demandera express\u00e9ment aux enfants de ne pas envoyer d&#8217;informations personnelles sur le site. Si des parents ou tuteurs l\u00e9gaux soup\u00e7onnent que des informations personnelles concernant des enfants sous leur responsabilit\u00e9 ont \u00e9t\u00e9 soumises sur le site web de Luna Otel, et souhaitent que ces informations soient supprim\u00e9es, ils doivent imm\u00e9diatement nous contacter \u00e0 l&#8217;adresse indiqu\u00e9e ci-dessous (voir Section 6). Dans de tels cas, les informations seront supprim\u00e9es sans d\u00e9lai.<\/p>\n\n\n\n<h2 class=\"wp-block-heading\">Suivi Web<\/h2>\n\n\n\n<p>Ce site web (<a href=\"http:\/\/www.lunakas.com\/\">www.lunakas.com<\/a>) collecte et stocke des donn\u00e9es \u00e0 des fins de marketing et d&#8217;optimisation en utilisant les technologies Google Analytics et Facebook Pixel. Ces donn\u00e9es peuvent \u00eatre utilis\u00e9es pour cr\u00e9er des profils d&#8217;utilisateur anonymes. Des cookies peuvent \u00eatre d\u00e9pos\u00e9s.Les donn\u00e9es collect\u00e9es sans le consentement explicite de nos utilisateurs ne sont pas utilis\u00e9es pour identifier un visiteur personnellement et ne sont pas combin\u00e9es avec d&#8217;autres informations personnelles.<\/p>\n\n\n\n<h2 class=\"wp-block-heading\">Utilisation des plugins de r\u00e9seaux sociaux<\/h2>\n\n\n\n<p>Des plugins de r\u00e9seaux sociaux tels que facebook.com, instagram.com et X (\u00ab plugins \u00bb) peuvent \u00eatre int\u00e9gr\u00e9s dans nos pages web. Ces services sont fournis par Meta Inc. et X Inc. (\u00ab prestataires de services \u00bb).Facebook est exploit\u00e9 par Facebook Inc., 1601 S. California Ave, Palo Alto, CA 94304, USA (\u00ab Facebook \u00bb). Pour consulter les plugins et leur apparence, visitez :&nbsp;<a href=\"https:\/\/developers.facebook.com\/docs\/plugins\">https:\/\/developers.facebook.com\/docs\/plugins<\/a><\/p>\n\n\n\n<p>X est exploit\u00e9 par X Inc., 1355 Market St, Suite 900, San Francisco, CA 94103, USA. Pour consulter les boutons et leur apparence, visitez :&nbsp;<a href=\"https:\/\/developer.x.com\/en\/docs\/x-for-websites\/tweet-button\/overview\">https:\/\/developer.x.com\/en\/docs\/x-for-websites\/tweet-button\/overview<\/a><\/p>\n\n\n\n<p>Lorsque vous visitez nos sites web, ces plugins sont impl\u00e9ment\u00e9s sous forme de &#8220;boutons \u00e0 double-clic&#8221; afin d&#8217;augmenter la protection de vos donn\u00e9es. Ce type d&#8217;int\u00e9gration emp\u00eache toute connexion automatique aux serveurs des prestataires de services lorsque vous acc\u00e9dez \u00e0 ces plugins sur notre site web. Le transfert de donn\u00e9es n&#8217;a lieu que si vous activez ces plugins ; votre navigateur \u00e9tablira alors une connexion directe avec les serveurs du prestataire de services. Le contenu des diff\u00e9rents plugins est ensuite transmis directement \u00e0 votre navigateur par le prestataire de services et affich\u00e9 sur votre \u00e9cran.<\/p>\n\n\n\n<p>Le plugin informe le prestataire de services des pages de notre site que vous avez visit\u00e9es. Si vous \u00eates connect\u00e9 \u00e0 Facebook, Instagram ou X lors de votre navigation sur notre site, le prestataire de services peut associer ces informations \u00e0 votre compte utilisateur. Toute interaction avec le plugin (par exemple, cliquer sur le bouton &#8220;J&#8217;aime&#8221; ou \u00e9crire un commentaire) sera \u00e9galement directement transmise et stock\u00e9e par le prestataire de services via votre navigateur.<\/p>\n\n\n\n<p>Pour plus d&#8217;informations d\u00e9taill\u00e9es sur la collecte et l&#8217;utilisation des donn\u00e9es par Facebook, Instagram ou X, ainsi que sur vos droits et options pour prot\u00e9ger votre vie priv\u00e9e, veuillez consulter les politiques de confidentialit\u00e9 respectives de ces prestataires de services.<\/p>\n\n\n\n<p><\/p>\n","protected":false},"excerpt":{"rendered":"<p>G\u00e9n\u00e9ralit\u00e9s Luna Otel s&#8217;engage \u00e0 prot\u00e9ger la vie priv\u00e9e des visiteurs de son site web. Par cons\u00e9quent, cette d\u00e9claration de confidentialit\u00e9 (\u00ab D\u00e9claration de confidentialit\u00e9 \u00bb) explique quelles informations Luna Otel collecte sur les utilisateurs lorsqu&#8217;ils utilisent notre site, comment ces informations sont utilis\u00e9es et comment elles sont prot\u00e9g\u00e9es. Elle d\u00e9crit \u00e9galement comment vous pouvez [&hellip;]<\/p>\n","protected":false},"author":1,"featured_media":0,"parent":0,"menu_order":0,"comment_status":"closed","ping_status":"closed","template":"","meta":{"footnotes":""},"class_list":["post-6","page","type-page","status-publish","hentry"],"_links":{"self":[{"href":"https:\/\/www.lunakas.com\/fr\/wp-json\/wp\/v2\/pages\/6","targetHints":{"allow":["GET"]}}],"collection":[{"href":"https:\/\/www.lunakas.com\/fr\/wp-json\/wp\/v2\/pages"}],"about":[{"href":"https:\/\/www.lunakas.com\/fr\/wp-json\/wp\/v2\/types\/page"}],"author":[{"embeddable":true,"href":"https:\/\/www.lunakas.com\/fr\/wp-json\/wp\/v2\/users\/1"}],"replies":[{"embeddable":true,"href":"https:\/\/www.lunakas.com\/fr\/wp-json\/wp\/v2\/comments?post=6"}],"version-history":[{"count":0,"href":"https:\/\/www.lunakas.com\/fr\/wp-json\/wp\/v2\/pages\/6\/revisions"}],"wp:attachment":[{"href":"https:\/\/www.lunakas.com\/fr\/wp-json\/wp\/v2\/media?parent=6"}],"curies":[{"name":"wp","href":"https:\/\/api.w.org\/{rel}","templated":true}]}}