{"id":2453,"date":"2026-05-06T18:09:07","date_gmt":"2026-05-06T15:09:07","guid":{"rendered":"https:\/\/www.lunakas.com\/?page_id=2453"},"modified":"2026-05-06T18:35:29","modified_gmt":"2026-05-06T15:35:29","slug":"des-vacances-uniques-a-kas-au-luna-hotel","status":"publish","type":"page","link":"https:\/\/www.lunakas.com\/fr\/des-vacances-uniques-a-kas-au-luna-hotel\/","title":{"rendered":"Des vacances uniques \u00e0 Ka\u015f au Luna Hotel"},"content":{"rendered":"<section class=\"wp-block-hotelface-booking-form has-background-image is-full-width is-transparent-form reveal\" style=\"background-image:url(https:\/\/www.lunakas.com\/wp-content\/uploads\/2026\/03\/8187055105_729fcc3813_o.jpg);\" data-reveal=\"up\">\n            <div class=\"booking-form-overlay\" aria-hidden=\"true\" style=\"background-color: rgba(0,0,0,0.35);\"><\/div>            <div class=\"container\">\n                <div class=\"booking-form-card\">\n                    <div class=\"booking-form-intro\">\n                                                    <h1 class=\"booking-form-title\">Des vacances uniques \u00e0 Ka\u015f au Luna Hotel ! Envoyez votre demande de r\u00e9servation d\u00e8s maintenant<\/h1>\n                                                                            <p class=\"booking-form-subtitle\">Planifions ensemble vos vacances \u00e0 Ka\u015f ! Le Luna Hotel est un lieu unique o\u00f9 se rencontrent la tranquillit\u00e9, les plus belles vues sur la M\u00e9diterran\u00e9e et un service sinc\u00e8re et personnalis\u00e9. \u00c0 seulement cinq minutes du centre anim\u00e9, tout en profitant d\u2019une atmosph\u00e8re calme et reposante. Contactez-nous directement pour d\u00e9couvrir les meilleures options adapt\u00e9es \u00e0 vos besoins et profiter de tarifs avantageux. Nous ne proposons pas seulement une chambre, mais une v\u00e9ritable exp\u00e9rience boutique unique.<\/p>\n                                            <\/div>\n\n                    <form id=\"booking_form\" class=\"booking-form\" novalidate>\n                        <div class=\"booking-form-grid\">\n                            <div class=\"booking-field\">\n                                <input class=\"booking-input\" type=\"text\" id=\"booking_first_name\" name=\"first_name\" placeholder=\" \" autocomplete=\"given-name\" required>\n                                <label for=\"booking_first_name\">Pr\u00e9nom *<\/label>\n                            <\/div>\n                            <div class=\"booking-field\">\n                                <input class=\"booking-input\" type=\"text\" id=\"booking_last_name\" name=\"last_name\" placeholder=\" \" autocomplete=\"family-name\" required>\n                                <label for=\"booking_last_name\">Nom de famille *<\/label>\n                            <\/div>\n                            <div class=\"booking-field\">\n                                <input class=\"booking-input\" type=\"date\" id=\"booking_checkin\" name=\"checkin\" min=\"2026-05-15\" placeholder=\" \" required>\n                                <label for=\"booking_checkin\">Date d\u2019arriv\u00e9e *<\/label>\n                            <\/div>\n                            <div class=\"booking-field\">\n                                <input class=\"booking-input\" type=\"date\" id=\"booking_checkout\" name=\"checkout\" min=\"2026-05-16\" placeholder=\" \" required>\n                                <label for=\"booking_checkout\">Date de d\u00e9part *<\/label>\n                            <\/div>\n                            <div class=\"booking-field\">\n                                <input class=\"booking-input\" type=\"email\" id=\"booking_email\" name=\"email\" placeholder=\" \" autocomplete=\"email\">\n                                <label for=\"booking_email\">E-mail<\/label>\n                            <\/div>\n                            <div class=\"booking-field\">\n                                <input class=\"booking-input\" type=\"tel\" id=\"booking_phone\" name=\"phone\" placeholder=\" \" autocomplete=\"tel\">\n                                <label for=\"booking_phone\">T\u00e9l\u00e9phone<\/label>\n                            <\/div>\n                            <div class=\"booking-field booking-field-full\">\n                                <textarea class=\"booking-input\" id=\"booking_message\" name=\"message\" rows=\"4\" placeholder=\" \"><\/textarea>\n                                <label for=\"booking_message\">Votre message (facultatif)<\/label>\n                            <\/div>\n                        <\/div>\n                        <p class=\"booking-form-hint\">Veuillez renseigner au moins l\u2019un des champs e-mail ou t\u00e9l\u00e9phone.<\/p>\n\n                                                    <div class=\"booking-recaptcha-wrapper\" style=\"display:none;\">\n                                <div class=\"g-recaptcha\" data-sitekey=\"6LcKXicrAAAAAHZ2JipNdXpyDOb66NojjeJt6F7g\"><\/div>\n                            <\/div>\n                        \n                        <div class=\"booking-form-actions\">\n                            <button type=\"submit\" id=\"booking_submit_btn\" class=\"btn btn-large btn-gradient booking-submit-btn\">\n                                <i class=\"fa fa-spinner fa-spin me-2 d-none\" aria-hidden=\"true\"><\/i>\n                                <span class=\"booking-submit-label\">Envoyer une demande de r\u00e9servation<\/span>\n                            <\/button>\n                        <\/div>\n                        <div id=\"booking_response\" class=\"booking-form-response\" data-success=\"Votre demande a bien \u00e9t\u00e9 re\u00e7ue ! Merci d\u2019avoir choisi le Luna Hotel Ka\u015f. Nous vous contacterons tr\u00e8s rapidement avec des options personnalis\u00e9es et des tarifs sp\u00e9ciaux.\"><\/div>\n                    <\/form>\n                <\/div>\n            <\/div>\n        <\/section>\n        ","protected":false},"excerpt":{"rendered":"","protected":false},"author":1,"featured_media":0,"parent":0,"menu_order":0,"comment_status":"closed","ping_status":"closed","template":"","meta":{"footnotes":""},"class_list":["post-2453","page","type-page","status-publish","hentry"],"_links":{"self":[{"href":"https:\/\/www.lunakas.com\/fr\/wp-json\/wp\/v2\/pages\/2453","targetHints":{"allow":["GET"]}}],"collection":[{"href":"https:\/\/www.lunakas.com\/fr\/wp-json\/wp\/v2\/pages"}],"about":[{"href":"https:\/\/www.lunakas.com\/fr\/wp-json\/wp\/v2\/types\/page"}],"author":[{"embeddable":true,"href":"https:\/\/www.lunakas.com\/fr\/wp-json\/wp\/v2\/users\/1"}],"replies":[{"embeddable":true,"href":"https:\/\/www.lunakas.com\/fr\/wp-json\/wp\/v2\/comments?post=2453"}],"version-history":[{"count":1,"href":"https:\/\/www.lunakas.com\/fr\/wp-json\/wp\/v2\/pages\/2453\/revisions"}],"predecessor-version":[{"id":2454,"href":"https:\/\/www.lunakas.com\/fr\/wp-json\/wp\/v2\/pages\/2453\/revisions\/2454"}],"wp:attachment":[{"href":"https:\/\/www.lunakas.com\/fr\/wp-json\/wp\/v2\/media?parent=2453"}],"curies":[{"name":"wp","href":"https:\/\/api.w.org\/{rel}","templated":true}]}}